{"id":348,"date":"2020-10-26T16:29:29","date_gmt":"2020-10-26T15:29:29","guid":{"rendered":"http:\/\/cigalonsurleroc.fr\/?page_id=348"},"modified":"2024-03-05T10:27:42","modified_gmt":"2024-03-05T09:27:42","slug":"infos-pratiques","status":"publish","type":"page","link":"https:\/\/cigalonsurleroc.fr\/index.php\/infos-pratiques\/","title":{"rendered":"Infos pratiques"},"content":{"rendered":"\t\t<div data-elementor-type=\"wp-page\" data-elementor-id=\"348\" class=\"elementor elementor-348\">\n\t\t\t\t\t\t\t\t\t<section class=\"elementor-section elementor-top-section elementor-element elementor-element-e401a0f elementor-section-boxed elementor-section-height-default elementor-section-height-default\" data-id=\"e401a0f\" data-element_type=\"section\">\n\t\t\t\t\t\t<div class=\"elementor-container elementor-column-gap-default\">\n\t\t\t\t\t<div class=\"elementor-column elementor-col-100 elementor-top-column elementor-element elementor-element-e170908\" data-id=\"e170908\" data-element_type=\"column\">\n\t\t\t<div class=\"elementor-widget-wrap elementor-element-populated\">\n\t\t\t\t\t\t\t\t<div class=\"elementor-element elementor-element-2be36bd elementor-widget elementor-widget-text-editor\" data-id=\"2be36bd\" data-element_type=\"widget\" data-widget_type=\"text-editor.default\">\n\t\t\t\t<div class=\"elementor-widget-container\">\n\t\t\t\t\t\t\t<h4>Retrouvez-nous<\/h4>\n<p>Cigalon sur le roc<br \/>Palais des sport<br \/>136, avenue Fr\u00e9d\u00e9ric et Ir\u00e8ne Joliot-Curie<br \/>1er \u00e9tage bureau Cigalon sur le roc<br \/>92000 NANTERRE<br \/>T\u00e9l\u00e9phone fixe : <strong>09 77 03 27 73<\/strong><br \/>Portable : <b>06 98 01 30 98<\/b><br \/>contact@cigalonsurleroc.org<\/p>\n<p><b>Heures d\u2019ouverture<\/b><br \/>Mardi et Jeudi : <b>14h00\u201317h00<\/b><\/p>\t\t\t\t\t\t<\/div>\n\t\t\t\t<\/div>\n\t\t\t\t\t<\/div>\n\t\t<\/div>\n\t\t\t\t\t\t\t<\/div>\n\t\t<\/section>\n\t\t\t\t<section class=\"elementor-section elementor-top-section elementor-element elementor-element-109b37c7 elementor-section-boxed elementor-section-height-default elementor-section-height-default\" data-id=\"109b37c7\" data-element_type=\"section\">\n\t\t\t\t\t\t<div class=\"elementor-container elementor-column-gap-default\">\n\t\t\t\t\t<div class=\"elementor-column elementor-col-100 elementor-top-column elementor-element elementor-element-61bc0a3d\" data-id=\"61bc0a3d\" data-element_type=\"column\">\n\t\t\t<div class=\"elementor-widget-wrap elementor-element-populated\">\n\t\t\t\t\t\t\t\t<div class=\"elementor-element elementor-element-397ae076 elementor-widget elementor-widget-text-editor\" data-id=\"397ae076\" data-element_type=\"widget\" data-widget_type=\"text-editor.default\">\n\t\t\t\t<div class=\"elementor-widget-container\">\n\t\t\t\t\t\t\t<!-- wp:paragraph -->\n<p><strong>Centre M\u00e9dico-sportif<\/strong><br>Le centre m\u00e9dico-sportif est \u00e0 votre disposition :Pour l\u2019\u00e9tablissement du certificat m\u00e9dical de non-contre-indication \u00e0 la pratique sportive (d\u00e8s le mois d\u2019avril). Les consultations sont gratuites pour les Nanterriens.<br>Pour des consultations de pathologie et de traumatologie du sport.<br>Pour le suivi m\u00e9dico-sportif de votre entrainement.<\/p>\n<!-- \/wp:paragraph -->\n\n<!-- wp:paragraph -->\n<p><strong>L\u2019assurance sportive et la responsabilit\u00e9 civile<\/strong><br>Cigalon sur le Roc est assur\u00e9e \u00ab responsabilit\u00e9 civile \u00bb. Sont garanties les cons\u00e9quences financi\u00e8res que peut encourir tout adh\u00e9rent de l\u2019association, \u00e0 raison des dommages corporels, mat\u00e9riels. Sont exclus les dommages volontaires.<\/p>\n<!-- \/wp:paragraph -->\n\n<!-- wp:paragraph -->\n<p><strong>Individuelle accident<\/strong><br>Cigalon sur le Roc assure chaque adh\u00e9rent durant son activit\u00e9 sportive.<\/p>\n<!-- \/wp:paragraph -->\n\n<!-- wp:paragraph {\"align\":\"center\"} -->\n<p class=\"has-text-align-center\"><strong>Les Aides Financi\u00e8res<\/strong><\/p>\n<!-- \/wp:paragraph -->\n\n<!-- wp:paragraph -->\n<p><strong>Caisse d\u2019Allocations Familiales :<\/strong><br>Les tickets loisirs<br>Les tickets loisirs permettent aux jeunes de 8 \u00e0 15 ans de pratiquer des activit\u00e9s sportives ou culturelles et de r\u00e9gler leur cotisation annuelle.<\/p>\n<!-- \/wp:paragraph -->\n\n<!-- wp:paragraph -->\n<p><strong>Pass 92<\/strong><br>70 \u20ac offerts pour les loisirs des coll\u00e9giens des Hauts-de-Seine.<\/p>\n<!-- \/wp:paragraph -->\n\n<!-- wp:paragraph -->\n<p><strong>Participation de votre Comit\u00e9 d\u2019Entreprise<\/strong><br>Au moment de votre inscription, faites la demande d\u2019une attestation de paiement qui mentionnera le montant de la cotisation vers\u00e9e (montant des aides d\u00e9duites s\u2019il y a lieu).<\/p>\n<!-- \/wp:paragraph -->\n\n<!-- wp:paragraph -->\n<p><strong>Ch\u00e8ques Vacances ANCV<\/strong><br>A vous procurer aupr\u00e8s de votre employeur.<\/p>\n<!-- \/wp:paragraph -->\n\n<!-- wp:paragraph -->\n<p><strong>Coupons Sport ANCV<\/strong><br>A vous procurer aupr\u00e8s de votre employeur.<\/p>\n<!-- \/wp:paragraph -->\t\t\t\t\t\t<\/div>\n\t\t\t\t<\/div>\n\t\t\t\t\t<\/div>\n\t\t<\/div>\n\t\t\t\t\t\t\t<\/div>\n\t\t<\/section>\n\t\t\t\t<section class=\"elementor-section elementor-top-section elementor-element elementor-element-2299fc1 elementor-section-boxed elementor-section-height-default elementor-section-height-default\" data-id=\"2299fc1\" data-element_type=\"section\">\n\t\t\t\t\t\t<div class=\"elementor-container elementor-column-gap-default\">\n\t\t\t\t\t<div class=\"elementor-column elementor-col-100 elementor-top-column elementor-element elementor-element-90bf1a0\" data-id=\"90bf1a0\" data-element_type=\"column\">\n\t\t\t<div class=\"elementor-widget-wrap elementor-element-populated\">\n\t\t\t\t\t\t\t\t<div class=\"elementor-element elementor-element-1e8f2a7 elementor-widget elementor-widget-video\" data-id=\"1e8f2a7\" data-element_type=\"widget\" data-settings=\"{&quot;youtube_url&quot;:&quot;https:\\\/\\\/youtu.be\\\/2uX5CMA66Kk&quot;,&quot;video_type&quot;:&quot;youtube&quot;,&quot;controls&quot;:&quot;yes&quot;}\" data-widget_type=\"video.default\">\n\t\t\t\t<div class=\"elementor-widget-container\">\n\t\t\t\t\t<div class=\"elementor-wrapper elementor-open-inline\">\n\t\t\t<div class=\"elementor-video\"><\/div>\t\t<\/div>\n\t\t\t\t<\/div>\n\t\t\t\t<\/div>\n\t\t\t\t\t<\/div>\n\t\t<\/div>\n\t\t\t\t\t\t\t<\/div>\n\t\t<\/section>\n\t\t\t\t\t\t\t<\/div>\n\t\t","protected":false},"excerpt":{"rendered":"<p>Retrouvez-nous Cigalon sur le rocPalais des sport136, avenue Fr\u00e9d\u00e9ric et Ir\u00e8ne Joliot-Curie1er \u00e9tage bureau Cigalon sur le roc92000 NANTERRET\u00e9l\u00e9phone fixe : 09 77 03 27 73Portable : 06 98 01 30 98contact@cigalonsurleroc.org Heures d\u2019ouvertureMardi et Jeudi : 14h00\u201317h00 Centre M\u00e9dico-sportifLe centre m\u00e9dico-sportif est \u00e0 votre disposition :Pour l\u2019\u00e9tablissement du certificat m\u00e9dical de non-contre-indication \u00e0 la [&hellip;]<\/p>\n","protected":false},"author":1,"featured_media":0,"parent":0,"menu_order":0,"comment_status":"closed","ping_status":"closed","template":"elementor_header_footer","meta":{"footnotes":""},"wf_page_folders":[],"class_list":["post-348","page","type-page","status-publish","hentry"],"_links":{"self":[{"href":"https:\/\/cigalonsurleroc.fr\/index.php\/wp-json\/wp\/v2\/pages\/348","targetHints":{"allow":["GET"]}}],"collection":[{"href":"https:\/\/cigalonsurleroc.fr\/index.php\/wp-json\/wp\/v2\/pages"}],"about":[{"href":"https:\/\/cigalonsurleroc.fr\/index.php\/wp-json\/wp\/v2\/types\/page"}],"author":[{"embeddable":true,"href":"https:\/\/cigalonsurleroc.fr\/index.php\/wp-json\/wp\/v2\/users\/1"}],"replies":[{"embeddable":true,"href":"https:\/\/cigalonsurleroc.fr\/index.php\/wp-json\/wp\/v2\/comments?post=348"}],"version-history":[{"count":24,"href":"https:\/\/cigalonsurleroc.fr\/index.php\/wp-json\/wp\/v2\/pages\/348\/revisions"}],"predecessor-version":[{"id":1931,"href":"https:\/\/cigalonsurleroc.fr\/index.php\/wp-json\/wp\/v2\/pages\/348\/revisions\/1931"}],"wp:attachment":[{"href":"https:\/\/cigalonsurleroc.fr\/index.php\/wp-json\/wp\/v2\/media?parent=348"}],"wp:term":[{"taxonomy":"wf_page_folders","embeddable":true,"href":"https:\/\/cigalonsurleroc.fr\/index.php\/wp-json\/wp\/v2\/wf_page_folders?post=348"}],"curies":[{"name":"wp","href":"https:\/\/api.w.org\/{rel}","templated":true}]}}