{"id":294,"date":"2020-10-22T14:04:07","date_gmt":"2020-10-22T12:04:07","guid":{"rendered":"http:\/\/cigalonsurleroc.fr\/?page_id=294"},"modified":"2022-09-07T12:22:17","modified_gmt":"2022-09-07T10:22:17","slug":"contact","status":"publish","type":"page","link":"https:\/\/cigalonsurleroc.fr\/index.php\/contact\/","title":{"rendered":"Contact"},"content":{"rendered":"\t\t<div data-elementor-type=\"wp-page\" data-elementor-id=\"294\" class=\"elementor elementor-294\">\n\t\t\t\t\t\t\t\t\t<section class=\"elementor-section elementor-top-section elementor-element elementor-element-4278e6d elementor-section-stretched elementor-section-boxed elementor-section-height-default elementor-section-height-default\" data-id=\"4278e6d\" data-element_type=\"section\" data-settings=\"{&quot;stretch_section&quot;:&quot;section-stretched&quot;}\">\n\t\t\t\t\t\t<div class=\"elementor-container elementor-column-gap-default\">\n\t\t\t\t\t<div class=\"elementor-column elementor-col-33 elementor-top-column elementor-element elementor-element-96144a3\" data-id=\"96144a3\" data-element_type=\"column\">\n\t\t\t<div class=\"elementor-widget-wrap elementor-element-populated\">\n\t\t\t\t\t\t\t\t<div class=\"elementor-element elementor-element-247ce6f elementor-widget elementor-widget-text-editor\" data-id=\"247ce6f\" data-element_type=\"widget\" data-widget_type=\"text-editor.default\">\n\t\t\t\t<div class=\"elementor-widget-container\">\n\t\t\t\t\t\t\t<p><strong>RESPONSABLE FITNESS<\/strong><\/p><p>\u00c9ducateur sportif et responsable de section<\/p><p>T\u00e9l\u00e9phone : <strong>09 77 03 27 73<\/strong><br \/>Contact : <a href=\"mailto:contact@cigalonsurleroc.fr\" target=\"_blank\" rel=\"noopener\">Email<\/a><\/p>\t\t\t\t\t\t<\/div>\n\t\t\t\t<\/div>\n\t\t\t\t\t<\/div>\n\t\t<\/div>\n\t\t\t\t<div class=\"elementor-column elementor-col-33 elementor-top-column elementor-element elementor-element-ad11fcf\" data-id=\"ad11fcf\" data-element_type=\"column\">\n\t\t\t<div class=\"elementor-widget-wrap elementor-element-populated\">\n\t\t\t\t\t\t\t\t<div class=\"elementor-element elementor-element-cfba671 elementor-widget elementor-widget-text-editor\" data-id=\"cfba671\" data-element_type=\"widget\" data-widget_type=\"text-editor.default\">\n\t\t\t\t<div class=\"elementor-widget-container\">\n\t\t\t\t\t\t\t<p><strong>RESPONSABLE CARDIO-TRAINING\u00a0<\/strong><\/p><p>Rabah BOUCHAKOUR<br \/>T\u00e9l\u00e9phone : <strong>09 77 03 27 73<\/strong><br \/>Contact : <a href=\"mailto:contact@cigalonsurleroc.fr\" target=\"_blank\" rel=\"noopener\">Email<\/a><\/p>\t\t\t\t\t\t<\/div>\n\t\t\t\t<\/div>\n\t\t\t\t\t<\/div>\n\t\t<\/div>\n\t\t\t\t<div class=\"elementor-column elementor-col-33 elementor-top-column elementor-element elementor-element-b834a90\" data-id=\"b834a90\" data-element_type=\"column\">\n\t\t\t<div class=\"elementor-widget-wrap elementor-element-populated\">\n\t\t\t\t\t\t\t\t<div class=\"elementor-element elementor-element-9ccb2c8 elementor-widget elementor-widget-text-editor\" data-id=\"9ccb2c8\" data-element_type=\"widget\" data-widget_type=\"text-editor.default\">\n\t\t\t\t<div class=\"elementor-widget-container\">\n\t\t\t\t\t\t\t<p><strong>ADRESSE<br \/><\/strong><\/p><p>Cigalon sur le roc<br \/>Palais des sport<br \/>136, avenue Fr\u00e9d\u00e9ric et Ir\u00e8ne Joliot-Curie<br \/>1er \u00e9tage, bureau Cigalon sur le roc<br \/>92000 NANTERRE<\/p><p>T\u00e9l\u00e9phone :\u00a0<strong>09 77 03 27 73<\/strong><br \/>Contact : <a href=\"mailto:contact@cigalonsurleroc.fr\" target=\"_blank\" rel=\"noopener\">Email<\/a><\/p>\t\t\t\t\t\t<\/div>\n\t\t\t\t<\/div>\n\t\t\t\t\t<\/div>\n\t\t<\/div>\n\t\t\t\t\t\t\t<\/div>\n\t\t<\/section>\n\t\t\t\t<section class=\"elementor-section elementor-top-section elementor-element elementor-element-f8ddf9a elementor-section-boxed elementor-section-height-default elementor-section-height-default\" data-id=\"f8ddf9a\" data-element_type=\"section\">\n\t\t\t\t\t\t<div class=\"elementor-container elementor-column-gap-default\">\n\t\t\t\t\t<div class=\"elementor-column elementor-col-100 elementor-top-column elementor-element elementor-element-0299431\" data-id=\"0299431\" data-element_type=\"column\">\n\t\t\t<div class=\"elementor-widget-wrap elementor-element-populated\">\n\t\t\t\t\t\t\t\t<div class=\"elementor-element elementor-element-3e68158 elementor-widget elementor-widget-google_maps\" data-id=\"3e68158\" data-element_type=\"widget\" data-widget_type=\"google_maps.default\">\n\t\t\t\t<div class=\"elementor-widget-container\">\n\t\t\t\t\t<div class=\"elementor-custom-embed\">\n\t\t\t<iframe loading=\"lazy\"\n\t\t\t\t\tsrc=\"https:\/\/maps.google.com\/maps?q=Palais%20des%20sport%2C%20136%20avenue%20Fr%C3%A9d%C3%A9ric%20et%20Ir%C3%A8ne%20Joliot-Curie%2C%2092000%20NANTERRE&#038;t=m&#038;z=10&#038;output=embed&#038;iwloc=near\"\n\t\t\t\t\ttitle=\"Palais des sport, 136 avenue Fr\u00e9d\u00e9ric et Ir\u00e8ne Joliot-Curie, 92000 NANTERRE\"\n\t\t\t\t\taria-label=\"Palais des sport, 136 avenue Fr\u00e9d\u00e9ric et Ir\u00e8ne Joliot-Curie, 92000 NANTERRE\"\n\t\t\t><\/iframe>\n\t\t<\/div>\n\t\t\t\t<\/div>\n\t\t\t\t<\/div>\n\t\t\t\t\t<\/div>\n\t\t<\/div>\n\t\t\t\t\t\t\t<\/div>\n\t\t<\/section>\n\t\t\t\t\t\t\t<\/div>\n\t\t","protected":false},"excerpt":{"rendered":"<p>RESPONSABLE FITNESS \u00c9ducateur sportif et responsable de section T\u00e9l\u00e9phone : 09 77 03 27 73Contact : Email RESPONSABLE CARDIO-TRAINING\u00a0 Rabah BOUCHAKOURT\u00e9l\u00e9phone : 09 77 03 27 73Contact : Email ADRESSE Cigalon sur le rocPalais des sport136, avenue Fr\u00e9d\u00e9ric et Ir\u00e8ne Joliot-Curie1er \u00e9tage, bureau Cigalon sur le roc92000 NANTERRE T\u00e9l\u00e9phone :\u00a009 77 03 27 73Contact : [&hellip;]<\/p>\n","protected":false},"author":1,"featured_media":0,"parent":0,"menu_order":0,"comment_status":"closed","ping_status":"closed","template":"elementor_header_footer","meta":{"footnotes":""},"wf_page_folders":[],"class_list":["post-294","page","type-page","status-publish","hentry"],"_links":{"self":[{"href":"https:\/\/cigalonsurleroc.fr\/index.php\/wp-json\/wp\/v2\/pages\/294","targetHints":{"allow":["GET"]}}],"collection":[{"href":"https:\/\/cigalonsurleroc.fr\/index.php\/wp-json\/wp\/v2\/pages"}],"about":[{"href":"https:\/\/cigalonsurleroc.fr\/index.php\/wp-json\/wp\/v2\/types\/page"}],"author":[{"embeddable":true,"href":"https:\/\/cigalonsurleroc.fr\/index.php\/wp-json\/wp\/v2\/users\/1"}],"replies":[{"embeddable":true,"href":"https:\/\/cigalonsurleroc.fr\/index.php\/wp-json\/wp\/v2\/comments?post=294"}],"version-history":[{"count":131,"href":"https:\/\/cigalonsurleroc.fr\/index.php\/wp-json\/wp\/v2\/pages\/294\/revisions"}],"predecessor-version":[{"id":1610,"href":"https:\/\/cigalonsurleroc.fr\/index.php\/wp-json\/wp\/v2\/pages\/294\/revisions\/1610"}],"wp:attachment":[{"href":"https:\/\/cigalonsurleroc.fr\/index.php\/wp-json\/wp\/v2\/media?parent=294"}],"wp:term":[{"taxonomy":"wf_page_folders","embeddable":true,"href":"https:\/\/cigalonsurleroc.fr\/index.php\/wp-json\/wp\/v2\/wf_page_folders?post=294"}],"curies":[{"name":"wp","href":"https:\/\/api.w.org\/{rel}","templated":true}]}}